{"id":2755,"date":"2025-12-18T15:36:11","date_gmt":"2025-12-18T20:36:11","guid":{"rendered":"https:\/\/oaxacatransportation.com\/?page_id=2755"},"modified":"2025-12-27T01:50:35","modified_gmt":"2025-12-27T06:50:35","slug":"aviso-de-privacidad","status":"publish","type":"page","link":"https:\/\/tulumairporttaxi.com\/es\/disclaimer\/","title":{"rendered":"Aviso de Privacidad"},"content":{"rendered":"<section class=\"gb-container gb-container-e94b6441\">\n<div class=\"gb-container gb-container-c7013488\">\n\n<h2 class=\"gb-headline gb-headline-e52e84d8 gb-headline-text\">Aviso de Privacidad<\/h2>\n\n\n\n<p>TulumAirportTaxi.com is run by a private transportation company authorized to operate transportation to\/from Tulum&#8217;s Felipe Carrillo International Airport (TQO). This\u00a0is not an official website for Tulum International Airport and the information presented herein is not created, produced, or delivered by its employees, officials, or affiliates.<\/p>\n\n\n\n<p>This website is an independent, informative travel guide and resource that offers professional, reliable and affordable transportation services to those who are interested in reserving private transportation to or from Tulum International Airport and all other destinations throughout Tulum. All references to any specific commercial services, products, or processes, or the use of any corporation or trade name does not constitute recommendation or endorsement by the Tulum International Airport.<\/p>\n\n\n\n<p>The term Tulum Airport and Tulum International Airport as well as all related logos, graphics, names, trademarks, and\/or copyrights belong to the Tulum International Airport and are used here for descriptive purposes only.&nbsp;<\/p>\n\n\n\n<p>By using or accessing&nbsp;TulumAirportTaxi.com&nbsp;you agree to our terms and conditions. This website displays information about the transportation services provided by the aforementioned transportation providers, according to our best knowledge.&nbsp;<\/p>\n\n\n\n<p>Aunque hacemos nuestro mejor esfuerzo para verificar la precisi\u00f3n de la informaci\u00f3n encontrada en este sitio web, siempre existe la posibilidad de que la informaci\u00f3n encontrada aqu\u00ed pueda estar desactualizada o incorrecta. No hacemos ninguna declaraci\u00f3n, promesa o garant\u00eda sobre la validez, exactitud y adecuaci\u00f3n del contenido de este sitio web y renunciamos expl\u00edcitamente a la responsabilidad por errores y omisiones en la informaci\u00f3n aqu\u00ed mostrada.&nbsp;<\/p>\n\n\n\n<p>No somos responsables de ning\u00fan da\u00f1o directo, indirecto, consecuente, incidental o punitivo que pueda resultar del uso de la informaci\u00f3n presentada en el sitio. Por favor, consulta los organismos p\u00fablicos o privados pertinentes para verificar la informaci\u00f3n que est\u00e1s buscando.<\/p>\n\n\n\n<p><em>This document was last updated on December 18th, 2025.<\/em><\/p>\n\n<\/div>\n<\/section>","protected":false},"excerpt":{"rendered":"<p>Website Disclaimer TulumAirportTaxi.com is run by a private transportation company authorized to operate transportation to\/from Tulum&#8217;s Felipe Carrillo International Airport (TQO). This\u00a0is not an official website for Tulum International Airport and the information presented herein is not created, produced, or delivered by its employees, officials, or affiliates. This website is an independent, informative travel guide &#8230; <a title=\"Aviso de Privacidad\" class=\"read-more\" href=\"https:\/\/tulumairporttaxi.com\/es\/disclaimer\/\" aria-label=\"Leer m\u00e1s sobre Disclaimer\">Read more<\/a><\/p>","protected":false},"author":1,"featured_media":0,"parent":0,"menu_order":0,"comment_status":"closed","ping_status":"closed","template":"","meta":{"footnotes":""},"class_list":["post-2755","page","type-page","status-publish"],"_links":{"self":[{"href":"https:\/\/tulumairporttaxi.com\/es\/wp-json\/wp\/v2\/pages\/2755","targetHints":{"allow":["GET"]}}],"collection":[{"href":"https:\/\/tulumairporttaxi.com\/es\/wp-json\/wp\/v2\/pages"}],"about":[{"href":"https:\/\/tulumairporttaxi.com\/es\/wp-json\/wp\/v2\/types\/page"}],"author":[{"embeddable":true,"href":"https:\/\/tulumairporttaxi.com\/es\/wp-json\/wp\/v2\/users\/1"}],"replies":[{"embeddable":true,"href":"https:\/\/tulumairporttaxi.com\/es\/wp-json\/wp\/v2\/comments?post=2755"}],"version-history":[{"count":11,"href":"https:\/\/tulumairporttaxi.com\/es\/wp-json\/wp\/v2\/pages\/2755\/revisions"}],"predecessor-version":[{"id":3644,"href":"https:\/\/tulumairporttaxi.com\/es\/wp-json\/wp\/v2\/pages\/2755\/revisions\/3644"}],"wp:attachment":[{"href":"https:\/\/tulumairporttaxi.com\/es\/wp-json\/wp\/v2\/media?parent=2755"}],"curies":[{"name":"wp","href":"https:\/\/api.w.org\/{rel}","templated":true}]}}