{"id":78,"date":"2025-12-18T15:35:59","date_gmt":"2025-12-18T20:35:59","guid":{"rendered":"https:\/\/poolswift.wordifysites.com\/?page_id=78"},"modified":"2025-12-18T15:36:00","modified_gmt":"2025-12-18T20:36:00","slug":"contacto","status":"publish","type":"page","link":"https:\/\/tulumairporttaxi.com\/es\/contact-us\/","title":{"rendered":"Contacto"},"content":{"rendered":"<div class=\"gbp-section\" id=\"contact\">\n<div class=\"gbp-section__inner gb-element-49d6a9ad\">\n<div class=\"gb-element-15aaac91\">\n<div class=\"gb-element-66883146\">\n<h2 class=\"gb-headline gb-headline-ebef83f7\"><span class=\"gb-icon\"><svg viewbox=\"0 0 24 24\" height=\"32\" width=\"32\" xmlns=\"http:\/\/www.w3.org\/2000\/svg\"><path d=\"M18.58 5H15V3H9v2H5.43L3 12v9h3v-2h12v2h3v-9zM6.5 16c-.83 0-1.5-.67-1.5-1.5S5.67 13 6.5 13s1.5.67 1.5 1.5S7.33 16 6.5 16m11 0c-.83 0-1.5-.67-1.5-1.5s.67-1.5 1.5-1.5s1.5.67 1.5 1.5s-.67 1.5-1.5 1.5M5 11l1.5-4.5h11L19 11z\" fill=\"currentColor\"><\/path><\/svg><\/span><span class=\"gb-headline-text\">Forma de Reservaci\u00f3n de Taxi<\/span><\/h2>\n\n\n\n<p class=\"gb-headline gb-headline-bb929308 gb-headline-text\">Por favor completa la siguiente forma O reserva v\u00eda <a href=\"https:\/\/wa.link\/rnsefs\" target=\"_blank\" data-type=\"link\" data-id=\"https:\/\/wa.link\/rnsefs\" rel=\"noreferrer noopener\"><span style=\"text-decoration: underline;\">WhatsApp<\/span><\/a>.<\/p>\n\n\n<style id=\"fluentform-block-custom-styles-9\">.fluentform.fluentform_wrapper_9.ff_guten_block.ff_guten_block-9 .ff-el-form-control, .fluentform.fluentform_wrapper_9.ff_guten_block.ff_guten_block-9 .ff-el-input--content input, .fluentform.fluentform_wrapper_9.ff_guten_block.ff_guten_block-9 .ff-el-input--content textarea, .fluentform.fluentform_wrapper_9.ff_guten_block.ff_guten_block-9 .ff-el-input--content select { font-size: 14px; }\n.fluentform.fluentform_wrapper_9.ff_guten_block.ff_guten_block-9 .ff_submit_btn_wrapper .ff-btn-submit { width: 100%; font-size: 17px; font-weight: 700; }\n<\/style><div class='fluentform ff-default fluentform_wrapper_9  ff_guten_block ff_guten_block-9 ffs_default_wrap'><form data-form_id=\"9\" id=\"fluentform_9\" class=\"frm-fluent-form fluent_form_9 ff-el-form-top ff_form_instance_9_1 ff-form-loading ffs_default\" data-form_instance=\"ff_form_instance_9_1\" method=\"POST\" action=\"\" ><fieldset  style=\"border: none!important;margin: 0!important;padding: 0!important;background-color: transparent!important;box-shadow: none!important;outline: none!important; min-inline-size: 100%;\">\n                    <legend class=\"ff_screen_reader_title\" style=\"display: block; margin: 0!important;padding: 0!important;height: 0!important;text-indent: -999999px;width: 0!important;overflow:hidden;\">Solicita una Cotizaci\u00f3n de TAXI<\/legend><input type='hidden' name='__fluent_form_embded_post_id' value='78' \/><input type=\"hidden\" id=\"_fluentform_9_fluentformnonce\" name=\"_fluentform_9_fluentformnonce\" value=\"75effcff7c\" \/><input type=\"hidden\" name=\"_wp_http_referer\" value=\"\/es\/wp-json\/wp\/v2\/pages\/78\" \/><div data-name=\"ff_cn_id_1\"  class='ff-t-container ff-column-container ff_columns_total_2'><div class='ff-t-cell ff-t-column-1' style='flex-basis: 50%;'><div class='ff-el-group'><div class='ff-el-input--content'><input type=\"text\" name=\"full_name\" class=\"ff-el-form-control\" placeholder=\"Nombre Completo\" data-name=\"full_name\" id=\"ff_9_full_name\"  aria-invalid=\"false\" aria-required=\"true\"><\/div><\/div><\/div><div class='ff-t-cell ff-t-column-2' style='flex-basis: 50%;'><div class='ff-el-group'><div class='ff-el-input--content'><input type=\"email\" name=\"email\" id=\"ff_9_email\" class=\"ff-el-form-control\" placeholder=\"Correo Electr\u00f3nico:\" data-name=\"email\"  aria-invalid=\"false\" aria-required=\"true\"><\/div><\/div><\/div><\/div><div data-name=\"ff_cn_id_2\"  class='ff-t-container ff-column-container ff_columns_total_2'><div class='ff-t-cell ff-t-column-1' style='flex-basis: 50%;'><div class='ff-el-group ff-el-form-hide_label'><div class=\"ff-el-input--label ff-el-is-required asterisk-right\"><label for='ff_9_input_text' id='label_ff_9_input_text' aria-label=\"Texto\">Texto<\/label><\/div><div class='ff-el-input--content'><input type=\"text\" name=\"input_text\" class=\"ff-el-form-control\" placeholder=\"C\u00f3digo del Pa\u00eds (+1)\" maxlength=\"4\" data-name=\"input_text\" id=\"ff_9_input_text\"  aria-invalid=\"false\" aria-required=\"true\"><\/div><\/div><\/div><div class='ff-t-cell ff-t-column-2' style='flex-basis: 50%;'><div class='ff-el-group ff-el-form-hide_label'><div class=\"ff-el-input--label ff-el-is-required asterisk-right\"><label for='ff_9_input_text_8' id='label_ff_9_input_text_8' aria-label=\"Texto\">Texto<\/label><\/div><div class='ff-el-input--content'><input type=\"text\" name=\"input_text_8\" class=\"ff-el-form-control\" placeholder=\"555 555 5555\" maxlength=\"15\" data-name=\"input_text_8\" id=\"ff_9_input_text_8\"  aria-invalid=\"false\" aria-required=\"true\"><\/div><\/div><\/div><\/div><div data-name=\"ff_cn_id_3\"  class='ff-t-container ff-column-container ff_columns_total_2'><div class='ff-t-cell ff-t-column-1' style='flex-basis: 50%;'><div class='ff-el-group'><div class='ff-el-input--content'><input type=\"text\" name=\"input_text_5\" class=\"ff-el-form-control\" placeholder=\"# de Pasajeros:\" maxlength=\"3\" data-name=\"input_text_5\" id=\"ff_9_input_text_5\"  aria-invalid=\"false\" aria-required=\"true\"><\/div><\/div><\/div><div class='ff-t-cell ff-t-column-2' style='flex-basis: 50%;'><div class='ff-el-group'><div class='ff-el-input--content'><input type=\"text\" name=\"input_text_6\" class=\"ff-el-form-control\" placeholder=\"# de Equipaje:\" maxlength=\"2\" data-name=\"input_text_6\" id=\"ff_9_input_text_6\"  aria-invalid=\"false\" aria-required=\"true\"><\/div><\/div><\/div><\/div><div data-name=\"ff_cn_id_4\"  class='ff-t-container ff-column-container ff_columns_total_2'><div class='ff-t-cell ff-t-column-1' style='flex-basis: 50%;'><div class='ff-el-group ff-el-form-hide_label'><div class=\"ff-el-input--label ff-el-is-required asterisk-right\"><label for='ff_9_input_text_1' id='label_ff_9_input_text_1' aria-label=\"Texto\">Texto<\/label><\/div><div class='ff-el-input--content'><input type=\"text\" name=\"input_text_1\" class=\"ff-el-form-control\" placeholder=\"Lugar de recogida:\" data-name=\"input_text_1\" id=\"ff_9_input_text_1\"  aria-invalid=\"false\" aria-required=\"true\"><\/div><\/div><\/div><div class='ff-t-cell ff-t-column-2' style='flex-basis: 50%;'><div class='ff-el-group ff-el-form-hide_label'><div class=\"ff-el-input--label ff-el-is-required asterisk-right\"><label for='ff_9_input_text_2' id='label_ff_9_input_text_2' aria-label=\"Texto\">Texto<\/label><\/div><div class='ff-el-input--content'><input type=\"text\" name=\"input_text_2\" class=\"ff-el-form-control\" placeholder=\"Destino:\" data-name=\"input_text_2\" id=\"ff_9_input_text_2\"  aria-invalid=\"false\" aria-required=\"true\"><\/div><\/div><\/div><\/div><div data-name=\"ff_cn_id_5\"  class='ff-t-container ff-column-container ff_columns_total_2'><div class='ff-t-cell ff-t-column-1' style='flex-basis: 50%;'><div class='ff-el-group'><div class='ff-el-input--content'><input  aria-label=' Use arrow keys to navigate dates. Press enter to select a date.'  aria-haspopup='dialog' data-type-datepicker data-format='m\/d\/Y' type=\"text\" name=\"datetime_1\" id=\"ff_9_datetime_1\" class=\"ff-el-form-control ff-el-datepicker\" placeholder=\"Fecha de recogida:\" data-name=\"datetime_1\"  aria-invalid='false' aria-required=\"true\"><\/div><\/div><\/div><div class='ff-t-cell ff-t-column-2' style='flex-basis: 50%;'><div class='ff-el-group ff-el-form-hide_label'><div class=\"ff-el-input--label ff-el-is-required asterisk-right\"><label for='ff_9_input_text_7' id='label_ff_9_input_text_7' aria-label=\"Texto\">Texto<\/label><\/div><div class='ff-el-input--content'><input type=\"text\" name=\"input_text_7\" class=\"ff-el-form-control\" placeholder=\"Hora de recogida:\" data-name=\"input_text_7\" id=\"ff_9_input_text_7\"  aria-invalid=\"false\" aria-required=\"true\"><\/div><\/div><\/div><\/div><div data-name=\"ff_cn_id_6\"  class='ff-t-container ff-column-container ff_columns_total_2'><div class='ff-t-cell ff-t-column-1' style='flex-basis: 50%;'><div class='ff-el-group ff-el-form-hide_label'><div class=\"ff-el-input--label ff-el-is-required asterisk-right\"><label for='ff_9_dropdown_2' id='label_ff_9_dropdown_2' aria-label=\"Desplegable\">Desplegable<\/label><\/div><div class='ff-el-input--content'><select name=\"dropdown_2\" id=\"ff_9_dropdown_2\" class=\"ff-el-form-control\" data-name=\"dropdown_2\" data-calc_value=\"0\"  aria-invalid=\"false\" aria-required=\"true\" aria-labelledby=\"label_ff_9_dropdown_2\"><option value=\"\">\u2014 Tipo de Viaje \u2014<\/option><option value=\"One-way\"  >Solo Ida<\/option><option value=\"Round trip\"  >Viaje Redondo<\/option><\/select><\/div><\/div><\/div><div class='ff-t-cell ff-t-column-2' style='flex-basis: 50%;'><div class='ff-el-group ff-el-form-hide_label'><div class=\"ff-el-input--label ff-el-is-required asterisk-right\"><label for='ff_9_dropdown_1' id='label_ff_9_dropdown_1' aria-label=\"Desplegable\">Desplegable<\/label><\/div><div class='ff-el-input--content'><select name=\"dropdown_1\" id=\"ff_9_dropdown_1\" class=\"ff-el-form-control\" data-name=\"dropdown_1\" data-calc_value=\"0\"  aria-invalid=\"false\" aria-required=\"true\" aria-labelledby=\"label_ff_9_dropdown_1\"><option value=\"\">\u2014 Idioma \u2014<\/option><option value=\"English (EN)\"  >Ingl\u00e9s (EN)<\/option><option value=\"Espa\u00f1ol (ES)\"  >Espa\u00f1ol (ES)<\/option><\/select><\/div><\/div><\/div><\/div><div class='ff-el-group ff-text-left ff_submit_btn_wrapper'><button type=\"submit\" class=\"ff-btn ff-btn-submit ff-btn-lg ffbutton ff_btn_style wpf_has_custom_css\"  aria-label=\"RESERVA AHORA\">RESERVA AHORA<\/button><\/div><\/fieldset><input type=\"hidden\" name=\"trp-form-language\" value=\"es\"\/><\/form><div id='fluentform_9_errors' class='ff-errors-in-stack ff_form_instance_9_1 ff-form-loading_errors ff_form_instance_9_1_errors'><\/div><\/div>            <script type=\"text\/javascript\">\n                window.fluent_form_ff_form_instance_9_1 = {\"id\":\"9\",\"settings\":{\"layout\":{\"labelPlacement\":\"top\",\"helpMessagePlacement\":\"with_label\",\"errorMessagePlacement\":\"inline\",\"cssClassName\":\"\",\"asteriskPlacement\":\"asterisk-right\"},\"restrictions\":{\"denyEmptySubmission\":{\"enabled\":false}}},\"form_instance\":\"ff_form_instance_9_1\",\"form_id_selector\":\"fluentform_9\",\"rules\":{\"full_name\":{\"required\":{\"value\":true,\"message\":\"This field is required\",\"global_message\":\"This field is required\",\"global\":true}},\"email\":{\"required\":{\"value\":true,\"message\":\"This field is required\",\"global_message\":\"This field is required\",\"global\":true},\"email\":{\"value\":true,\"message\":\"This field must contain a valid email\",\"global_message\":\"This field must contain a valid email\",\"global\":true}},\"input_text\":{\"required\":{\"value\":true,\"message\":\"This field is required\",\"global_message\":\"This field is required\",\"global\":true}},\"input_text_8\":{\"required\":{\"value\":true,\"message\":\"This field is required\",\"global_message\":\"This field is required\",\"global\":true}},\"input_text_5\":{\"required\":{\"value\":true,\"message\":\"This field is required\",\"global_message\":\"This field is required\",\"global\":true}},\"input_text_6\":{\"required\":{\"value\":true,\"message\":\"This field is required\",\"global_message\":\"This field is required\",\"global\":true}},\"input_text_1\":{\"required\":{\"value\":true,\"message\":\"This field is required\",\"global_message\":\"This field is required\",\"global\":true}},\"input_text_2\":{\"required\":{\"value\":true,\"message\":\"This field is required\",\"global_message\":\"This field is required\",\"global\":true}},\"datetime_1\":{\"required\":{\"value\":true,\"message\":\"This field is required\",\"global_message\":\"This field is required\",\"global\":true}},\"input_text_7\":{\"required\":{\"value\":true,\"message\":\"This field is required\",\"global_message\":\"This field is required\",\"global\":true}},\"dropdown_2\":{\"required\":{\"value\":true,\"message\":\"This field is required\",\"global_message\":\"This field is required\",\"global\":true}},\"dropdown_1\":{\"required\":{\"value\":true,\"message\":\"This field is required\",\"global_message\":\"This field is required\",\"global\":true}}},\"debounce_time\":300};\n                            <\/script>\n            \n\n\n<p class=\"gb-text gb-text-e553a5e2\">\u2014 O \u2014<\/p>\n\n\n\n<a class=\"gb-button gb-button-faafe65d\" href=\"https:\/\/wa.link\/rnsefs\" target=\"_blank\" rel=\"noopener noreferrer\"><span class=\"gb-icon\"><svg aria-hidden=\"true\" role=\"img\" height=\"1em\" width=\"1em\" viewbox=\"0 0 448 512\" xmlns=\"http:\/\/www.w3.org\/2000\/svg\"><path fill=\"currentColor\" d=\"M380.9 97.1C339 55.1 283.2 32 223.9 32c-122.4 0-222 99.6-222 222 0 39.1 10.2 77.3 29.6 111L0 480l117.7-30.9c32.4 17.7 68.9 27 106.1 27h.1c122.3 0 224.1-99.6 224.1-222 0-59.3-25.2-115-67.1-157zm-157 341.6c-33.2 0-65.7-8.9-94-25.7l-6.7-4-69.8 18.3L72 359.2l-4.4-7c-18.5-29.4-28.2-63.3-28.2-98.2 0-101.7 82.8-184.5 184.6-184.5 49.3 0 95.6 19.2 130.4 54.1 34.8 34.9 56.2 81.2 56.1 130.5 0 101.8-84.9 184.6-186.6 184.6zm101.2-138.2c-5.5-2.8-32.8-16.2-37.9-18-5.1-1.9-8.8-2.8-12.5 2.8-3.7 5.6-14.3 18-17.6 21.8-3.2 3.7-6.5 4.2-12 1.4-32.6-16.3-54-29.1-75.5-66-5.7-9.8 5.7-9.1 16.3-30.3 1.8-3.7.9-6.9-.5-9.7-1.4-2.8-12.5-30.1-17.1-41.2-4.5-10.8-9.1-9.3-12.5-9.5-3.2-.2-6.9-.2-10.6-.2-3.7 0-9.7 1.4-14.8 6.9-5.1 5.6-19.4 19-19.4 46.3 0 27.3 19.9 53.7 22.6 57.4 2.8 3.7 39.1 59.7 94.8 83.8 35.2 15.2 49 16.5 66.6 13.9 10.7-1.6 32.8-13.4 37.4-26.4 4.6-13 4.6-24.1 3.2-26.4-1.3-2.5-5-3.9-10.5-6.6z\"><\/path><\/svg><\/span><span class=\"gb-button-text\">RESERVA V\u00cdA WHATSAPP<\/span><\/a>\n\n\n\n<p class=\"gb-text gb-text-a4bb5c25\">Las reservaciones se pueden hacer v\u00eda correo electr\u00f3nico o Whatsapp en un horario de <strong>9 am and 6 pm<\/strong>.<\/p>\n<\/div>\n\n\n\n<div class=\"gb-element-cb381db1\">\n<figure class=\"gb-block-image gb-block-image-0ac9ad20\"><img loading=\"lazy\" decoding=\"async\" width=\"954\" height=\"246\" class=\"gb-image gb-image-0ac9ad20\" src=\"https:\/\/tulumairporttaxi.com\/wp-content\/uploads\/2025\/12\/Tulum-Airport-Taxi-Social-Logo-Ligh.png\" alt=\"Tulum Airport Taxi\" title=\"Tulum Airport Taxi\" srcset=\"https:\/\/tulumairporttaxi.com\/wp-content\/uploads\/2025\/12\/Tulum-Airport-Taxi-Social-Logo-Ligh.png 954w, https:\/\/tulumairporttaxi.com\/wp-content\/uploads\/2025\/12\/Tulum-Airport-Taxi-Social-Logo-Ligh-300x77.png 300w, https:\/\/tulumairporttaxi.com\/wp-content\/uploads\/2025\/12\/Tulum-Airport-Taxi-Social-Logo-Ligh-768x198.png 768w, https:\/\/tulumairporttaxi.com\/wp-content\/uploads\/2025\/12\/Tulum-Airport-Taxi-Social-Logo-Ligh-18x5.png 18w\" sizes=\"auto, (max-width: 954px) 100vw, 954px\" \/><\/figure>\n\n\n\n<p class=\"gb-text gb-text-ff02caa0\">Book private one-way and round trip transportation from Tulum International Airport to Tulum centro, Hotel Zone, Akumal, Playa del Carmen, Canc\u00fan and more.<\/p>\n\n\n\n<p class=\"gb-text gb-text-850f1c83\">Reserve su taxi con anticipaci\u00f3n a su llegada para que, al aterrizar, un conductor est\u00e9 monitoreando su vuelo y esper\u00e1ndole en la sala de llegadas.<\/p>\n\n\n\n<p class=\"gb-text gb-text-cdd45a1f\">Complete el formulario y nos pondremos en contacto con usted en breve con una cotizaci\u00f3n para su traslado.<\/p>\n\n\n\n<p class=\"gb-text gbp-section__text--sm gb-text-7710db9f\"><strong>Direcci\u00f3n:<\/strong><br>Q.R, Calle Polar Pte. Entre Zacil Ha y Acuario, Tulum Centro, 77760 Tulum, Quintana Roo, M\u00e9xico<\/p>\n\n\n\n<p class=\"gb-text gbp-section__text--sm gb-text-af13fd90\"><strong>Horas de Operaci\u00f3n:<\/strong><br>Monday &#8211; Sunday: 9:00 AM \u2013 6:00 PM<\/p>\n<\/div>\n<\/div>\n<\/div>\n<\/div>","protected":false},"excerpt":{"rendered":"<p>Taxi Reservation Form Please fill out the form below OR book via WhatsApp. \u2014 OR \u2014 Reservations can be made via email or WhatsApp between the hours of 9 am and 6 pm. Book private one-way and round trip transportation from Tulum International Airport to Tulum centro, Hotel Zone, Akumal, Playa del Carmen, Canc\u00fan and &#8230; <a title=\"Contacto\" class=\"read-more\" href=\"https:\/\/tulumairporttaxi.com\/es\/contact-us\/\" aria-label=\"Leer m\u00e1s sobre Contact us\">Read more<\/a><\/p>","protected":false},"author":1,"featured_media":0,"parent":0,"menu_order":0,"comment_status":"closed","ping_status":"closed","template":"","meta":{"footnotes":""},"class_list":["post-78","page","type-page","status-publish"],"_links":{"self":[{"href":"https:\/\/tulumairporttaxi.com\/es\/wp-json\/wp\/v2\/pages\/78","targetHints":{"allow":["GET"]}}],"collection":[{"href":"https:\/\/tulumairporttaxi.com\/es\/wp-json\/wp\/v2\/pages"}],"about":[{"href":"https:\/\/tulumairporttaxi.com\/es\/wp-json\/wp\/v2\/types\/page"}],"author":[{"embeddable":true,"href":"https:\/\/tulumairporttaxi.com\/es\/wp-json\/wp\/v2\/users\/1"}],"replies":[{"embeddable":true,"href":"https:\/\/tulumairporttaxi.com\/es\/wp-json\/wp\/v2\/comments?post=78"}],"version-history":[{"count":28,"href":"https:\/\/tulumairporttaxi.com\/es\/wp-json\/wp\/v2\/pages\/78\/revisions"}],"predecessor-version":[{"id":3631,"href":"https:\/\/tulumairporttaxi.com\/es\/wp-json\/wp\/v2\/pages\/78\/revisions\/3631"}],"wp:attachment":[{"href":"https:\/\/tulumairporttaxi.com\/es\/wp-json\/wp\/v2\/media?parent=78"}],"curies":[{"name":"wp","href":"https:\/\/api.w.org\/{rel}","templated":true}]}}